{"id":669,"date":"2023-02-05T11:19:47","date_gmt":"2023-02-05T11:19:47","guid":{"rendered":"https:\/\/www.wp-blast.com\/?page_id=669"},"modified":"2023-02-05T11:52:16","modified_gmt":"2023-02-05T11:52:16","slug":"blog","status":"publish","type":"page","link":"https:\/\/www.wp-blast.com\/fr\/blog\/","title":{"rendered":"Conseils &#038; Astuces"},"content":{"rendered":"<smartfire-component name='spacer' attributes=\"{&quot;height&quot;:&quot;110&quot;,&quot;tabletHeight&quot;:&quot;110&quot;,&quot;mobileHeight&quot;:&quot;110&quot;}\"><\/smartfire-component>\n\n<smartfire-component name='homeminimal' attributes=\"{&quot;backgroundColor&quot;:&quot;light&quot;}\">\n    \n<smartfire-component name='animated' attributes=\"{&quot;variant&quot;:&quot;inUp&quot;}\">\n    \n\n<h1 class=\"has-large-font-size wp-block-heading\" style=\"font-style:normal;font-weight:800\">Conseils &amp; Astuces<\/h1>\n\n\n<\/smartfire-component>\n\n<smartfire-component name='spacer' attributes=\"{&quot;height&quot;:&quot;30&quot;,&quot;tabletHeight&quot;:&quot;30&quot;,&quot;mobileHeight&quot;:&quot;30&quot;}\"><\/smartfire-component>\n\n<smartfire-component name='animated' attributes=\"{&quot;variant&quot;:&quot;inUp&quot;}\">\n    \n\n<p>Vous \u00eates \u00e0 la recherche d&rsquo;une fa\u00e7on d&rsquo;am\u00e9liorer les performances et la visibilit\u00e9 de votre site WordPress ? Vous \u00eates au bon endroit ! Retrouvez nos conseils et nos astuces pour am\u00e9liorer votre SEO et vos performances sur WordPress. D\u00e9couvrez tout ce que vous devez savoir pour optimiser le contenu et les images sur votre site, trouver des mots-cl\u00e9s et obtenir un meilleur positionnement dans les r\u00e9sultats des moteurs de recherche. D\u00e9couvrez d\u00e8s maintenant comment am\u00e9liorer votre site WordPress !<\/p>\n\n\n<\/smartfire-component>\n\n<\/smartfire-component>\n\n<smartfire-component name='spacer' attributes=\"{&quot;tabletHeight&quot;:&quot;50&quot;,&quot;mobileHeight&quot;:&quot;50&quot;,&quot;height&quot;:50}\"><\/smartfire-component>\n\n<smartfire-component name='blog-posts' attributes=\"{&quot;posts&quot;:[{&quot;id&quot;:782,&quot;url&quot;:&quot;https:\\\/\\\/www.wp-blast.com\\\/fr\\\/blog\\\/utiliser-pagespeed-insights-pour-booster-votre-seo\\\/&quot;,&quot;title&quot;:&quot;Utiliser PageSpeed Insights pour booster votre SEO&quot;,&quot;createdAt&quot;:&quot;2023-02-11 17:59:46&quot;,&quot;cover&quot;:&quot;https:\\\/\\\/www.wp-blast.com\\\/wp-content\\\/uploads\\\/2023\\\/02\\\/pagespeed-insight.jpg&quot;},{&quot;id&quot;:774,&quot;url&quot;:&quot;https:\\\/\\\/www.wp-blast.com\\\/fr\\\/blog\\\/pourquoi-les-sites-lents-performent-moins-en-seo\\\/&quot;,&quot;title&quot;:&quot;Pourquoi les sites lents performent moins en SEO&quot;,&quot;createdAt&quot;:&quot;2023-02-10 16:59:00&quot;,&quot;cover&quot;:&quot;https:\\\/\\\/www.wp-blast.com\\\/wp-content\\\/uploads\\\/2023\\\/02\\\/pagespeed-impacts-seo.jpg&quot;},{&quot;id&quot;:743,&quot;url&quot;:&quot;https:\\\/\\\/www.wp-blast.com\\\/fr\\\/blog\\\/limportance-du-seo-technique\\\/&quot;,&quot;title&quot;:&quot;L&#039;importance du SEO technique&quot;,&quot;createdAt&quot;:&quot;2023-02-03 14:14:00&quot;,&quot;cover&quot;:&quot;https:\\\/\\\/www.wp-blast.com\\\/wp-content\\\/uploads\\\/2023\\\/02\\\/important-principles-technical-seo.jpg&quot;},{&quot;id&quot;:721,&quot;url&quot;:&quot;https:\\\/\\\/www.wp-blast.com\\\/fr\\\/blog\\\/3-raisons-dutiliser-un-plugin-de-cache\\\/&quot;,&quot;title&quot;:&quot;3 raisons d&#039;utiliser un plugin de cache&quot;,&quot;createdAt&quot;:&quot;2023-02-02 13:16:00&quot;,&quot;cover&quot;:&quot;https:\\\/\\\/www.wp-blast.com\\\/wp-content\\\/uploads\\\/2023\\\/02\\\/reasons-to-use-cache-plugin.jpg&quot;},{&quot;id&quot;:660,&quot;url&quot;:&quot;https:\\\/\\\/www.wp-blast.com\\\/fr\\\/blog\\\/5-conseils-pour-booster-les-performances-de-votre-site-web\\\/&quot;,&quot;title&quot;:&quot;5 conseils pour booster les performances de votre site web&quot;,&quot;createdAt&quot;:&quot;2023-02-01 22:09:40&quot;,&quot;cover&quot;:&quot;https:\\\/\\\/www.wp-blast.com\\\/wp-content\\\/uploads\\\/2023\\\/02\\\/5-tips-to-make-your-website-faster.jpg&quot;}],&quot;currentLang&quot;:&quot;fr&quot;}\"><\/smartfire-component>","protected":false},"excerpt":{"rendered":"","protected":false},"author":184,"featured_media":0,"parent":0,"menu_order":0,"comment_status":"closed","ping_status":"closed","template":"","meta":{"footnotes":""},"class_list":["post-669","page","type-page","status-publish","hentry"],"yoast_head":"<!-- This site is optimized with the Yoast SEO plugin v25.8 - https:\/\/yoast.com\/wordpress\/plugins\/seo\/ -->\n<title>Conseils &amp; Astuces - WP Blast - SEO + Performance WordPress plugin<\/title>\n<meta name=\"description\" content=\"Vous \u00eates \u00e0 la recherche d&#039;une fa\u00e7on d&#039;am\u00e9liorer les performances et la visibilit\u00e9 de votre site WordPress ? Vous \u00eates au bon endroit ! Retrouvez nos conseils et nos astuces pour am\u00e9liorer votre SEO et vos performances sur WordPress. D\u00e9couvrez tout ce que vous devez savoir pour optimiser le contenu et les images sur votre site, trouver des mots-cl\u00e9s et obtenir un meilleur positionnement dans les r\u00e9sultats des moteurs de recherche. D\u00e9couvrez d\u00e8s maintenant comment am\u00e9liorer votre site WordPress !\" \/>\n<meta name=\"robots\" content=\"index, follow, max-snippet:-1, max-image-preview:large, max-video-preview:-1\" \/>\n<link rel=\"canonical\" href=\"https:\/\/www.wp-blast.com\/fr\/blog\/\" \/>\n<meta property=\"og:locale\" content=\"fr_FR\" \/>\n<meta property=\"og:type\" content=\"article\" \/>\n<meta property=\"og:title\" content=\"Conseils &amp; Astuces - WP Blast - SEO + Performance WordPress plugin\" \/>\n<meta property=\"og:description\" content=\"Vous \u00eates \u00e0 la recherche d&#039;une fa\u00e7on d&#039;am\u00e9liorer les performances et la visibilit\u00e9 de votre site WordPress ? Vous \u00eates au bon endroit ! Retrouvez nos conseils et nos astuces pour am\u00e9liorer votre SEO et vos performances sur WordPress. D\u00e9couvrez tout ce que vous devez savoir pour optimiser le contenu et les images sur votre site, trouver des mots-cl\u00e9s et obtenir un meilleur positionnement dans les r\u00e9sultats des moteurs de recherche. D\u00e9couvrez d\u00e8s maintenant comment am\u00e9liorer votre site WordPress !\" \/>\n<meta property=\"og:url\" content=\"https:\/\/www.wp-blast.com\/fr\/blog\/\" \/>\n<meta property=\"og:site_name\" content=\"WP Blast - SEO + Performance WordPress plugin\" \/>\n<meta property=\"article:modified_time\" content=\"2023-02-05T11:52:16+00:00\" \/>\n<meta property=\"og:image\" content=\"https:\/\/www.wp-blast.com\/wp-content\/uploads\/2022\/05\/20220531-lancemend-sized.jpg\" \/>\n\t<meta property=\"og:image:width\" content=\"540\" \/>\n\t<meta property=\"og:image:height\" content=\"282\" \/>\n\t<meta property=\"og:image:type\" content=\"image\/jpeg\" \/>\n<meta name=\"twitter:card\" content=\"summary_large_image\" \/>\n<meta name=\"twitter:label1\" content=\"Est. reading time\" \/>\n\t<meta name=\"twitter:data1\" content=\"1 minute\" \/>\n<script type=\"application\/ld+json\" class=\"yoast-schema-graph\">{\"@context\":\"https:\/\/schema.org\",\"@graph\":[{\"@type\":\"WebPage\",\"@id\":\"https:\/\/www.wp-blast.com\/fr\/blog\/\",\"url\":\"https:\/\/www.wp-blast.com\/fr\/blog\/\",\"name\":\"Conseils & Astuces - WP Blast - SEO + Performance WordPress plugin\",\"isPartOf\":{\"@id\":\"https:\/\/www.wp-blast.com\/fr\/#website\"},\"datePublished\":\"2023-02-05T11:19:47+00:00\",\"dateModified\":\"2023-02-05T11:52:16+00:00\",\"description\":\"Vous \u00eates \u00e0 la recherche d'une fa\u00e7on d'am\u00e9liorer les performances et la visibilit\u00e9 de votre site WordPress ? Vous \u00eates au bon endroit ! Retrouvez nos conseils et nos astuces pour am\u00e9liorer votre SEO et vos performances sur WordPress. D\u00e9couvrez tout ce que vous devez savoir pour optimiser le contenu et les images sur votre site, trouver des mots-cl\u00e9s et obtenir un meilleur positionnement dans les r\u00e9sultats des moteurs de recherche. D\u00e9couvrez d\u00e8s maintenant comment am\u00e9liorer votre site WordPress !\",\"breadcrumb\":{\"@id\":\"https:\/\/www.wp-blast.com\/fr\/blog\/#breadcrumb\"},\"inLanguage\":\"fr-FR\",\"potentialAction\":[{\"@type\":\"ReadAction\",\"target\":[\"https:\/\/www.wp-blast.com\/fr\/blog\/\"]}]},{\"@type\":\"BreadcrumbList\",\"@id\":\"https:\/\/www.wp-blast.com\/fr\/blog\/#breadcrumb\",\"itemListElement\":[{\"@type\":\"ListItem\",\"position\":1,\"name\":\"Home\",\"item\":\"https:\/\/www.wp-blast.com\/fr\/\"},{\"@type\":\"ListItem\",\"position\":2,\"name\":\"Conseils &#038; Astuces\"}]},{\"@type\":\"WebSite\",\"@id\":\"https:\/\/www.wp-blast.com\/fr\/#website\",\"url\":\"https:\/\/www.wp-blast.com\/fr\/\",\"name\":\"WP Blast - SEO + Performance WordPress plugin\",\"description\":\"\",\"publisher\":{\"@id\":\"https:\/\/www.wp-blast.com\/fr\/#organization\"},\"inLanguage\":\"fr-FR\"},{\"@type\":\"Organization\",\"@id\":\"https:\/\/www.wp-blast.com\/fr\/#organization\",\"name\":\"WP Blast\",\"url\":\"https:\/\/www.wp-blast.com\/fr\/\",\"logo\":{\"@type\":\"ImageObject\",\"inLanguage\":\"fr-FR\",\"@id\":\"https:\/\/www.wp-blast.com\/fr\/#\/schema\/logo\/image\/\",\"url\":\"https:\/\/www.wp-blast.com\/wp-content\/uploads\/2022\/05\/20220531-lancemend-sized.jpg\",\"contentUrl\":\"https:\/\/www.wp-blast.com\/wp-content\/uploads\/2022\/05\/20220531-lancemend-sized.jpg\",\"width\":540,\"height\":282,\"caption\":\"WP Blast\"},\"image\":{\"@id\":\"https:\/\/www.wp-blast.com\/fr\/#\/schema\/logo\/image\/\"}}]}<\/script>\n<!-- \/ Yoast SEO plugin. -->","yoast_head_json":{"title":"Conseils & Astuces - WP Blast - SEO + Performance WordPress plugin","description":"Vous \u00eates \u00e0 la recherche d'une fa\u00e7on d'am\u00e9liorer les performances et la visibilit\u00e9 de votre site WordPress ? Vous \u00eates au bon endroit ! Retrouvez nos conseils et nos astuces pour am\u00e9liorer votre SEO et vos performances sur WordPress. D\u00e9couvrez tout ce que vous devez savoir pour optimiser le contenu et les images sur votre site, trouver des mots-cl\u00e9s et obtenir un meilleur positionnement dans les r\u00e9sultats des moteurs de recherche. D\u00e9couvrez d\u00e8s maintenant comment am\u00e9liorer votre site WordPress !","robots":{"index":"index","follow":"follow","max-snippet":"max-snippet:-1","max-image-preview":"max-image-preview:large","max-video-preview":"max-video-preview:-1"},"canonical":"https:\/\/www.wp-blast.com\/fr\/blog\/","og_locale":"fr_FR","og_type":"article","og_title":"Conseils & Astuces - WP Blast - SEO + Performance WordPress plugin","og_description":"Vous \u00eates \u00e0 la recherche d'une fa\u00e7on d'am\u00e9liorer les performances et la visibilit\u00e9 de votre site WordPress ? Vous \u00eates au bon endroit ! Retrouvez nos conseils et nos astuces pour am\u00e9liorer votre SEO et vos performances sur WordPress. D\u00e9couvrez tout ce que vous devez savoir pour optimiser le contenu et les images sur votre site, trouver des mots-cl\u00e9s et obtenir un meilleur positionnement dans les r\u00e9sultats des moteurs de recherche. D\u00e9couvrez d\u00e8s maintenant comment am\u00e9liorer votre site WordPress !","og_url":"https:\/\/www.wp-blast.com\/fr\/blog\/","og_site_name":"WP Blast - SEO + Performance WordPress plugin","article_modified_time":"2023-02-05T11:52:16+00:00","og_image":[{"width":540,"height":282,"url":"https:\/\/www.wp-blast.com\/wp-content\/uploads\/2022\/05\/20220531-lancemend-sized.jpg","type":"image\/jpeg"}],"twitter_card":"summary_large_image","twitter_misc":{"Est. reading time":"1 minute"},"schema":{"@context":"https:\/\/schema.org","@graph":[{"@type":"WebPage","@id":"https:\/\/www.wp-blast.com\/fr\/blog\/","url":"https:\/\/www.wp-blast.com\/fr\/blog\/","name":"Conseils & Astuces - WP Blast - SEO + Performance WordPress plugin","isPartOf":{"@id":"https:\/\/www.wp-blast.com\/fr\/#website"},"datePublished":"2023-02-05T11:19:47+00:00","dateModified":"2023-02-05T11:52:16+00:00","description":"Vous \u00eates \u00e0 la recherche d'une fa\u00e7on d'am\u00e9liorer les performances et la visibilit\u00e9 de votre site WordPress ? Vous \u00eates au bon endroit ! Retrouvez nos conseils et nos astuces pour am\u00e9liorer votre SEO et vos performances sur WordPress. D\u00e9couvrez tout ce que vous devez savoir pour optimiser le contenu et les images sur votre site, trouver des mots-cl\u00e9s et obtenir un meilleur positionnement dans les r\u00e9sultats des moteurs de recherche. D\u00e9couvrez d\u00e8s maintenant comment am\u00e9liorer votre site WordPress !","breadcrumb":{"@id":"https:\/\/www.wp-blast.com\/fr\/blog\/#breadcrumb"},"inLanguage":"fr-FR","potentialAction":[{"@type":"ReadAction","target":["https:\/\/www.wp-blast.com\/fr\/blog\/"]}]},{"@type":"BreadcrumbList","@id":"https:\/\/www.wp-blast.com\/fr\/blog\/#breadcrumb","itemListElement":[{"@type":"ListItem","position":1,"name":"Home","item":"https:\/\/www.wp-blast.com\/fr\/"},{"@type":"ListItem","position":2,"name":"Conseils &#038; Astuces"}]},{"@type":"WebSite","@id":"https:\/\/www.wp-blast.com\/fr\/#website","url":"https:\/\/www.wp-blast.com\/fr\/","name":"WP Blast - SEO + Performance WordPress plugin","description":"","publisher":{"@id":"https:\/\/www.wp-blast.com\/fr\/#organization"},"inLanguage":"fr-FR"},{"@type":"Organization","@id":"https:\/\/www.wp-blast.com\/fr\/#organization","name":"WP Blast","url":"https:\/\/www.wp-blast.com\/fr\/","logo":{"@type":"ImageObject","inLanguage":"fr-FR","@id":"https:\/\/www.wp-blast.com\/fr\/#\/schema\/logo\/image\/","url":"https:\/\/www.wp-blast.com\/wp-content\/uploads\/2022\/05\/20220531-lancemend-sized.jpg","contentUrl":"https:\/\/www.wp-blast.com\/wp-content\/uploads\/2022\/05\/20220531-lancemend-sized.jpg","width":540,"height":282,"caption":"WP Blast"},"image":{"@id":"https:\/\/www.wp-blast.com\/fr\/#\/schema\/logo\/image\/"}}]}},"_links":{"self":[{"href":"https:\/\/www.wp-blast.com\/fr\/wp-json\/wp\/v2\/pages\/669","targetHints":{"allow":["GET"]}}],"collection":[{"href":"https:\/\/www.wp-blast.com\/fr\/wp-json\/wp\/v2\/pages"}],"about":[{"href":"https:\/\/www.wp-blast.com\/fr\/wp-json\/wp\/v2\/types\/page"}],"author":[{"embeddable":true,"href":"https:\/\/www.wp-blast.com\/fr\/wp-json\/wp\/v2\/users\/184"}],"replies":[{"embeddable":true,"href":"https:\/\/www.wp-blast.com\/fr\/wp-json\/wp\/v2\/comments?post=669"}],"version-history":[{"count":6,"href":"https:\/\/www.wp-blast.com\/fr\/wp-json\/wp\/v2\/pages\/669\/revisions"}],"predecessor-version":[{"id":736,"href":"https:\/\/www.wp-blast.com\/fr\/wp-json\/wp\/v2\/pages\/669\/revisions\/736"}],"wp:attachment":[{"href":"https:\/\/www.wp-blast.com\/fr\/wp-json\/wp\/v2\/media?parent=669"}],"curies":[{"name":"wp","href":"https:\/\/api.w.org\/{rel}","templated":true}]}}