{"id":422,"date":"2022-04-24T13:31:54","date_gmt":"2022-04-24T13:31:54","guid":{"rendered":"https:\/\/www.wp-blast.com\/pricing\/"},"modified":"2023-02-08T11:50:39","modified_gmt":"2023-02-08T11:50:39","slug":"pricing","status":"publish","type":"page","link":"https:\/\/www.wp-blast.com\/fr\/pricing\/","title":{"rendered":"Tarifs"},"content":{"rendered":"<smartfire-component name='pricing' attributes=\"{&quot;currentLang&quot;:&quot;fr&quot;}\">\n    \n<smartfire-component name='spacer' attributes=\"{&quot;tabletHeight&quot;:&quot;50&quot;,&quot;mobileHeight&quot;:&quot;50&quot;,&quot;height&quot;:50}\"><\/smartfire-component>\n\n<smartfire-component name='animated' attributes=\"{&quot;variant&quot;:&quot;inDown&quot;}\">\n    \n\n<h3 class=\"has-text-align-center wp-block-heading\">Propulsez votre site au sommet.<\/h3>\n\n\n<\/smartfire-component>\n\n<smartfire-component name='animated' attributes=\"{&quot;variant&quot;:&quot;inUp&quot;}\">\n    \n\n<p class=\"has-text-align-center\">Choisissez le plan adapt\u00e9 \u00e0 votre besoin et laissez la magie op\u00e9r\u00e9e.<\/p>\n\n\n<\/smartfire-component>\n\n<smartfire-component name='pricing---period' attributes=\"{&quot;month&quot;:&quot;MOIS&quot;,&quot;year&quot;:&quot;ANN\\u00c9E ( 2 Mois offert )&quot;,&quot;tax&quot;:&quot;* Hors TVA 20%&quot;}\"><\/smartfire-component>\n\n<smartfire-component name='pricing---plans' attributes=\"{&quot;freeText&quot;:&quot;Gratuit&quot;,&quot;monthText&quot;:&quot;mois&quot;,&quot;yearText&quot;:&quot;an&quot;}\">\n    \n<smartfire-component name='pricing---card' attributes=\"{&quot;isPopular&quot;:true,&quot;label&quot;:&quot;DECOUVRIR&quot;,&quot;caption&quot;:&quot;essayez-le !&quot;,&quot;labelAction&quot;:&quot;D\\u00e9marrer&quot;,&quot;priceMonthEur&quot;:&quot;0&quot;,&quot;priceYearEur&quot;:&quot;0&quot;,&quot;priceMonthUsd&quot;:&quot;0&quot;,&quot;priceYearUsd&quot;:&quot;0&quot;,&quot;name&quot;:&quot;Free&quot;,&quot;subscription&quot;:&quot;free&quot;}\">\n    \n<smartfire-component name='pricing---li' attributes=\"{&quot;isAvailable&quot;:true,&quot;text&quot;:&quot;1 domaine&quot;}\"><\/smartfire-component>\n\n<smartfire-component name='pricing---li' attributes=\"{&quot;isAvailable&quot;:true,&quot;text&quot;:&quot;5 pages optimis\\u00e9es&quot;}\"><\/smartfire-component>\n\n<smartfire-component name='pricing---li' attributes=\"{&quot;isAvailable&quot;:true,&quot;text&quot;:&quot;150 g\\u00e9n\\u00e9rations par mois&quot;}\"><\/smartfire-component>\n\n<\/smartfire-component>\n\n<smartfire-component name='pricing---card' attributes=\"{&quot;priceMonthEur&quot;:&quot;9.9&quot;,&quot;priceYearEur&quot;:&quot;99&quot;,&quot;priceMonthUsd&quot;:&quot;9.9&quot;,&quot;priceYearUsd&quot;:&quot;99&quot;,&quot;name&quot;:&quot;BASIC&quot;,&quot;subscription&quot;:&quot;basic&quot;,&quot;caption&quot;:&quot;\\u00c9conomisez&quot;,&quot;labelAction&quot;:&quot;Choisir Basic&quot;,&quot;isPopular&quot;:false}\">\n    \n<smartfire-component name='pricing---li' attributes=\"{&quot;isAvailable&quot;:true,&quot;text&quot;:&quot;1 domaine&quot;}\"><\/smartfire-component>\n\n<smartfire-component name='pricing---li' attributes=\"{&quot;isAvailable&quot;:true,&quot;text&quot;:&quot;100 pages optimis\\u00e9es&quot;}\"><\/smartfire-component>\n\n<smartfire-component name='pricing---li' attributes=\"{&quot;isAvailable&quot;:true,&quot;text&quot;:&quot;3 000 g\\u00e9n\\u00e9rations par mois&quot;}\"><\/smartfire-component>\n\n<\/smartfire-component>\n\n<smartfire-component name='pricing---card' attributes=\"{&quot;priceMonthEur&quot;:&quot;29.9&quot;,&quot;priceYearEur&quot;:&quot;299&quot;,&quot;priceMonthUsd&quot;:&quot;29.9&quot;,&quot;priceYearUsd&quot;:&quot;299&quot;,&quot;label&quot;:&quot;&quot;,&quot;name&quot;:&quot;PRO&quot;,&quot;subscription&quot;:&quot;pro&quot;,&quot;caption&quot;:&quot;\\u00c9conomisez&quot;,&quot;labelAction&quot;:&quot;Choisir Pro&quot;,&quot;isPopular&quot;:false}\">\n    \n<smartfire-component name='pricing---li' attributes=\"{&quot;isAvailable&quot;:true,&quot;text&quot;:&quot;3 domaines&quot;}\"><\/smartfire-component>\n\n<smartfire-component name='pricing---li' attributes=\"{&quot;isAvailable&quot;:true,&quot;text&quot;:&quot;300 pages optimis\\u00e9es&quot;}\"><\/smartfire-component>\n\n<smartfire-component name='pricing---li' attributes=\"{&quot;isAvailable&quot;:true,&quot;text&quot;:&quot;9 000 g\\u00e9n\\u00e9rations par mois&quot;}\"><\/smartfire-component>\n\n<\/smartfire-component>\n\n<smartfire-component name='pricing---card' attributes=\"{&quot;priceMonthEur&quot;:&quot;49.9&quot;,&quot;priceYearEur&quot;:&quot;499&quot;,&quot;priceMonthUsd&quot;:&quot;49.9&quot;,&quot;priceYearUsd&quot;:&quot;499&quot;,&quot;name&quot;:&quot;ENTERPRISE&quot;,&quot;subscription&quot;:&quot;enterprise&quot;,&quot;caption&quot;:&quot;\\u00c9conomisez&quot;,&quot;labelAction&quot;:&quot;Choisir Enterprise&quot;,&quot;isPopular&quot;:false}\">\n    \n<smartfire-component name='pricing---li' attributes=\"{&quot;isAvailable&quot;:true,&quot;text&quot;:&quot;5 domaines&quot;}\"><\/smartfire-component>\n\n<smartfire-component name='pricing---li' attributes=\"{&quot;isAvailable&quot;:true,&quot;text&quot;:&quot;500 pages optimis\\u00e9es&quot;}\"><\/smartfire-component>\n\n<smartfire-component name='pricing---li' attributes=\"{&quot;isAvailable&quot;:true,&quot;text&quot;:&quot;15 000 g\\u00e9n\\u00e9rations par mois&quot;}\"><\/smartfire-component>\n\n<\/smartfire-component>\n\n<\/smartfire-component>\n\n<\/smartfire-component>\n\n<smartfire-component name='homeminimal' attributes=\"{&quot;backgroundColor&quot;:&quot;grey&quot;}\">\n    \n<smartfire-component name='spacer' attributes=\"{&quot;height&quot;:&quot;100&quot;,&quot;tabletHeight&quot;:&quot;100&quot;,&quot;mobileHeight&quot;:&quot;100&quot;}\"><\/smartfire-component>\n\n<smartfire-component name='box' attributes=\"{&quot;backgroundColor&quot;:&quot;light&quot;,&quot;position&quot;:&quot;static&quot;,&quot;paddingLeft&quot;:0}\">\n    \n<smartfire-component name='animated' attributes=\"{&quot;variant&quot;:&quot;inUp&quot;}\">\n    \n<smartfire-component name='text-disabled' attributes=\"{&quot;text&quot;:&quot;offre sur-mesure&quot;}\"><\/smartfire-component>\n\n<\/smartfire-component>\n\n<smartfire-component name='animated' attributes=\"{&quot;variant&quot;:&quot;inDown&quot;}\">\n    \n\n<h2 class=\"wp-block-heading\">Besoin de plus ?<\/h2>\n\n\n<\/smartfire-component>\n\n<smartfire-component name='animated' attributes=\"{&quot;variant&quot;:&quot;inDown&quot;}\">\n    \n\n<p>Contactez-nous pour obtenir un devis adapt\u00e9 \u00e0 vos besoins et \u00e0 votre activit\u00e9.<\/p>\n\n\n<\/smartfire-component>\n\n<smartfire-component name='spacer' attributes=\"{&quot;tabletHeight&quot;:&quot;50&quot;,&quot;mobileHeight&quot;:&quot;50&quot;,&quot;height&quot;:50}\"><\/smartfire-component>\n\n<smartfire-component name='animated' attributes=\"{&quot;variant&quot;:&quot;inDown&quot;}\">\n    \n<smartfire-component name='button' attributes=\"{&quot;title&quot;:&quot;Contactez-nous&quot;,&quot;link&quot;:&quot;\\\/fr\\\/contact\\\/&quot;,&quot;outlined&quot;:false,&quot;color&quot;:&quot;primary&quot;,&quot;gaEvent&quot;:&quot;smartfire_click&quot;}\"><\/smartfire-component>\n\n<\/smartfire-component>\n\n<\/smartfire-component>\n\n<smartfire-component name='spacer' attributes=\"{&quot;height&quot;:&quot;100&quot;,&quot;tabletHeight&quot;:&quot;100&quot;,&quot;mobileHeight&quot;:&quot;100&quot;}\"><\/smartfire-component>\n\n<\/smartfire-component>\n\n<smartfire-component name='spacer' attributes=\"{&quot;height&quot;:&quot;75&quot;,&quot;tabletHeight&quot;:&quot;75&quot;,&quot;mobileHeight&quot;:&quot;75&quot;}\"><\/smartfire-component>\n\n<smartfire-component name='homeminimal' attributes=\"{&quot;backgroundColor&quot;:&quot;light&quot;}\">\n    \n<smartfire-component name='animated' attributes=\"{&quot;variant&quot;:&quot;inUp&quot;}\">\n    \n\n<h3 class=\"has-text-align-center wp-block-heading\">Frequently Asked Questions (FAQ)<\/h3>\n\n\n<\/smartfire-component>\n\n<\/smartfire-component>\n\n<smartfire-component name='spacer' attributes=\"{&quot;tabletHeight&quot;:&quot;50&quot;,&quot;mobileHeight&quot;:&quot;50&quot;,&quot;height&quot;:50}\"><\/smartfire-component>\n\n<smartfire-component name='faq'>\n    \n<smartfire-component name='faq---item' attributes=\"{&quot;heading&quot;:&quot;J&#039;ai d\\u00e9j\\u00e0 un plugin de cache comme WP Rocket ou W3 Total Cache, pourquoi installer le plugin ?&quot;,&quot;detail&quot;:&quot;Les plugins de cache \\&quot;traditionnels\\&quot; optimisent majoritairement le code de votre site. WP BLAST intervient en aval de leurs optimisations en optimisant le rendu final de votre site. Les deux optimisations sont ainsi compl\\u00e9mentaires et permettent d&#039;obtenir le meilleur des deux mondes. Agissant sur un tout autre niveau d&#039;optimisation, WP BLAST est 100% compatible avec l&#039;ensemble des plugins de cache du march\\u00e9.&quot;}\"><\/smartfire-component>\n\n<smartfire-component name='faq---item' attributes=\"{&quot;heading&quot;:&quot;Qu&#039;est-ce qu&#039;un rendering \\\/ une g\\u00e9n\\u00e9ration ?&quot;,&quot;detail&quot;:&quot;Le plugin envoie r\\u00e9guli\\u00e8rement le contenu de votre site \\u00e0 nos serveurs pour qu&#039;il soit optimis\\u00e9. A chaque fois que notre infrastructure effectue l&#039;optimisation d&#039;une page, une g\\u00e9n\\u00e9ration (ou un rendering), est d\\u00e9compt\\u00e9e. Le nombre de g\\u00e9n\\u00e9rations dont vous avez besoin d\\u00e9pend donc de votre nombre de pages et de la dur\\u00e9e de cache maximum que vous souhaitez conserver (r\\u00e9glable dans les options du plugin). Nous restons bien \\u00e9videmment \\u00e0 votre disposition si vous souhaitez \\u00eatre conseill\\u00e9 sur ce sujet.&quot;}\"><\/smartfire-component>\n\n<smartfire-component name='faq---item' attributes=\"{&quot;heading&quot;:&quot;Combien de rendering \\\/ g\\u00e9n\\u00e9rations me faut-il ?&quot;,&quot;detail&quot;:&quot;Nous recommandons d&#039;avoir un cache de 24 heures. Ce qui veut dire qu&#039;il vous faudra environ 30 fois le nombre de pages que vous avez sur votre site par mois. Pour un site de 100 pages, il vous faudra donc environ 3 000 g\\u00e9n\\u00e9rations \\\/ rendering.&quot;}\"><\/smartfire-component>\n\n<smartfire-component name='faq---item' attributes=\"{&quot;heading&quot;:&quot;Que se passe-t-il si je d\\u00e9passe mon forfait ?&quot;,&quot;detail&quot;:&quot;Votre site restera fonctionnel pour la totalit\\u00e9 de vos utilisateurs. Vous ne b\\u00e9n\\u00e9ficierez simplement plus de l&#039;optimisation sur certaines pages. Le mois suivant, vous b\\u00e9n\\u00e9ficierez d&#039;un nouveau budget de g\\u00e9n\\u00e9ration et l&#039;optimisation recommencera. Pour b\\u00e9n\\u00e9ficier de toute la puissance de la solution, nous vous invitons \\u00e0 mettre \\u00e0 niveau votre offre en choisissant une offre sup\\u00e9rieure. Vous ne paierez que la diff\\u00e9rence avec votre pr\\u00e9c\\u00e9dent abonnement.&quot;}\"><\/smartfire-component>\n\n<smartfire-component name='faq---item' attributes=\"{&quot;heading&quot;:&quot;Puis-je passer \\u00e0 une offre sup\\u00e9rieure ?&quot;,&quot;detail&quot;:&quot;Bien s\\u00fbr ! Et vous ne paierez que la diff\\u00e9rence avec l&#039;offre sup\\u00e9rieure.&lt;br&gt;Si vous avez d&#039;autres questions, n&#039;h\\u00e9sitez pas \\u00e0 nous contacter.&quot;}\"><\/smartfire-component>\n\n<smartfire-component name='faq---item' attributes=\"{&quot;heading&quot;:&quot;Pourquoi ne proposez-vous pas de forfait illimit\\u00e9 ?&quot;,&quot;detail&quot;:&quot;Contrairement \\u00e0 d&#039;autres plugins, notre solution n\\u00e9cessite de faire tourner une architecture serveur complexe. Cette architecture induit des co\\u00fbts qui d\\u00e9pendent du trafic des sites utilisant le plugin. Si vous avez des besoins sp\\u00e9cifiques, nous pourrons nous adapter et vous proposer une offre sur-mesure.&quot;}\"><\/smartfire-component>\n\n<smartfire-component name='faq---item' attributes=\"{&quot;heading&quot;:&quot;Pouvez-vous m&#039;aider \\u00e0 param\\u00e9trer WP BLAST ?&quot;,&quot;detail&quot;:&quot;Nous nous effor\\u00e7ons de simplifier au maximum l&#039;exp\\u00e9rience utilisateur et l&#039;installation. N\\u00e9anmoins, nous pouvons vous accompagner pour param\\u00e9trer la solution, n&#039;h\\u00e9sitez pas \\u00e0 nous contacter !&quot;}\"><\/smartfire-component>\n\n<\/smartfire-component>","protected":false},"excerpt":{"rendered":"","protected":false},"author":184,"featured_media":0,"parent":0,"menu_order":0,"comment_status":"closed","ping_status":"closed","template":"","meta":{"footnotes":""},"class_list":["post-422","page","type-page","status-publish","hentry"],"yoast_head":"<!-- This site is optimized with the Yoast SEO plugin v25.8 - https:\/\/yoast.com\/wordpress\/plugins\/seo\/ -->\n<title>Tarifs - WP Blast - SEO + Performance WordPress plugin<\/title>\n<meta name=\"robots\" content=\"index, follow, max-snippet:-1, max-image-preview:large, max-video-preview:-1\" \/>\n<link rel=\"canonical\" href=\"https:\/\/www.wp-blast.com\/fr\/pricing\/\" \/>\n<meta property=\"og:locale\" content=\"fr_FR\" \/>\n<meta property=\"og:type\" content=\"article\" \/>\n<meta property=\"og:title\" content=\"Tarifs - WP Blast - SEO + Performance WordPress plugin\" \/>\n<meta property=\"og:url\" content=\"https:\/\/www.wp-blast.com\/fr\/pricing\/\" \/>\n<meta property=\"og:site_name\" content=\"WP Blast - SEO + Performance WordPress plugin\" \/>\n<meta property=\"article:modified_time\" content=\"2023-02-08T11:50:39+00:00\" \/>\n<meta property=\"og:image\" content=\"https:\/\/www.wp-blast.com\/wp-content\/uploads\/2022\/05\/20220531-lancemend-sized.jpg\" \/>\n\t<meta property=\"og:image:width\" content=\"540\" \/>\n\t<meta property=\"og:image:height\" content=\"282\" \/>\n\t<meta property=\"og:image:type\" content=\"image\/jpeg\" \/>\n<meta name=\"twitter:card\" content=\"summary_large_image\" \/>\n<meta name=\"twitter:label1\" content=\"Est. reading time\" \/>\n\t<meta name=\"twitter:data1\" content=\"1 minute\" \/>\n<script type=\"application\/ld+json\" class=\"yoast-schema-graph\">{\"@context\":\"https:\/\/schema.org\",\"@graph\":[{\"@type\":\"WebPage\",\"@id\":\"https:\/\/www.wp-blast.com\/fr\/pricing\/\",\"url\":\"https:\/\/www.wp-blast.com\/fr\/pricing\/\",\"name\":\"Tarifs - WP Blast - SEO + Performance WordPress plugin\",\"isPartOf\":{\"@id\":\"https:\/\/www.wp-blast.com\/fr\/#website\"},\"datePublished\":\"2022-04-24T13:31:54+00:00\",\"dateModified\":\"2023-02-08T11:50:39+00:00\",\"breadcrumb\":{\"@id\":\"https:\/\/www.wp-blast.com\/fr\/pricing\/#breadcrumb\"},\"inLanguage\":\"fr-FR\",\"potentialAction\":[{\"@type\":\"ReadAction\",\"target\":[\"https:\/\/www.wp-blast.com\/fr\/pricing\/\"]}]},{\"@type\":\"BreadcrumbList\",\"@id\":\"https:\/\/www.wp-blast.com\/fr\/pricing\/#breadcrumb\",\"itemListElement\":[{\"@type\":\"ListItem\",\"position\":1,\"name\":\"Home\",\"item\":\"https:\/\/www.wp-blast.com\/fr\/\"},{\"@type\":\"ListItem\",\"position\":2,\"name\":\"Tarifs\"}]},{\"@type\":\"WebSite\",\"@id\":\"https:\/\/www.wp-blast.com\/fr\/#website\",\"url\":\"https:\/\/www.wp-blast.com\/fr\/\",\"name\":\"WP Blast - SEO + Performance WordPress plugin\",\"description\":\"\",\"publisher\":{\"@id\":\"https:\/\/www.wp-blast.com\/fr\/#organization\"},\"inLanguage\":\"fr-FR\"},{\"@type\":\"Organization\",\"@id\":\"https:\/\/www.wp-blast.com\/fr\/#organization\",\"name\":\"WP Blast\",\"url\":\"https:\/\/www.wp-blast.com\/fr\/\",\"logo\":{\"@type\":\"ImageObject\",\"inLanguage\":\"fr-FR\",\"@id\":\"https:\/\/www.wp-blast.com\/fr\/#\/schema\/logo\/image\/\",\"url\":\"https:\/\/www.wp-blast.com\/wp-content\/uploads\/2022\/05\/20220531-lancemend-sized.jpg\",\"contentUrl\":\"https:\/\/www.wp-blast.com\/wp-content\/uploads\/2022\/05\/20220531-lancemend-sized.jpg\",\"width\":540,\"height\":282,\"caption\":\"WP Blast\"},\"image\":{\"@id\":\"https:\/\/www.wp-blast.com\/fr\/#\/schema\/logo\/image\/\"}}]}<\/script>\n<!-- \/ Yoast SEO plugin. -->","yoast_head_json":{"title":"Tarifs - WP Blast - SEO + Performance WordPress plugin","robots":{"index":"index","follow":"follow","max-snippet":"max-snippet:-1","max-image-preview":"max-image-preview:large","max-video-preview":"max-video-preview:-1"},"canonical":"https:\/\/www.wp-blast.com\/fr\/pricing\/","og_locale":"fr_FR","og_type":"article","og_title":"Tarifs - WP Blast - SEO + Performance WordPress plugin","og_url":"https:\/\/www.wp-blast.com\/fr\/pricing\/","og_site_name":"WP Blast - SEO + Performance WordPress plugin","article_modified_time":"2023-02-08T11:50:39+00:00","og_image":[{"width":540,"height":282,"url":"https:\/\/www.wp-blast.com\/wp-content\/uploads\/2022\/05\/20220531-lancemend-sized.jpg","type":"image\/jpeg"}],"twitter_card":"summary_large_image","twitter_misc":{"Est. reading time":"1 minute"},"schema":{"@context":"https:\/\/schema.org","@graph":[{"@type":"WebPage","@id":"https:\/\/www.wp-blast.com\/fr\/pricing\/","url":"https:\/\/www.wp-blast.com\/fr\/pricing\/","name":"Tarifs - WP Blast - SEO + Performance WordPress plugin","isPartOf":{"@id":"https:\/\/www.wp-blast.com\/fr\/#website"},"datePublished":"2022-04-24T13:31:54+00:00","dateModified":"2023-02-08T11:50:39+00:00","breadcrumb":{"@id":"https:\/\/www.wp-blast.com\/fr\/pricing\/#breadcrumb"},"inLanguage":"fr-FR","potentialAction":[{"@type":"ReadAction","target":["https:\/\/www.wp-blast.com\/fr\/pricing\/"]}]},{"@type":"BreadcrumbList","@id":"https:\/\/www.wp-blast.com\/fr\/pricing\/#breadcrumb","itemListElement":[{"@type":"ListItem","position":1,"name":"Home","item":"https:\/\/www.wp-blast.com\/fr\/"},{"@type":"ListItem","position":2,"name":"Tarifs"}]},{"@type":"WebSite","@id":"https:\/\/www.wp-blast.com\/fr\/#website","url":"https:\/\/www.wp-blast.com\/fr\/","name":"WP Blast - SEO + Performance WordPress plugin","description":"","publisher":{"@id":"https:\/\/www.wp-blast.com\/fr\/#organization"},"inLanguage":"fr-FR"},{"@type":"Organization","@id":"https:\/\/www.wp-blast.com\/fr\/#organization","name":"WP Blast","url":"https:\/\/www.wp-blast.com\/fr\/","logo":{"@type":"ImageObject","inLanguage":"fr-FR","@id":"https:\/\/www.wp-blast.com\/fr\/#\/schema\/logo\/image\/","url":"https:\/\/www.wp-blast.com\/wp-content\/uploads\/2022\/05\/20220531-lancemend-sized.jpg","contentUrl":"https:\/\/www.wp-blast.com\/wp-content\/uploads\/2022\/05\/20220531-lancemend-sized.jpg","width":540,"height":282,"caption":"WP Blast"},"image":{"@id":"https:\/\/www.wp-blast.com\/fr\/#\/schema\/logo\/image\/"}}]}},"_links":{"self":[{"href":"https:\/\/www.wp-blast.com\/fr\/wp-json\/wp\/v2\/pages\/422","targetHints":{"allow":["GET"]}}],"collection":[{"href":"https:\/\/www.wp-blast.com\/fr\/wp-json\/wp\/v2\/pages"}],"about":[{"href":"https:\/\/www.wp-blast.com\/fr\/wp-json\/wp\/v2\/types\/page"}],"author":[{"embeddable":true,"href":"https:\/\/www.wp-blast.com\/fr\/wp-json\/wp\/v2\/users\/184"}],"replies":[{"embeddable":true,"href":"https:\/\/www.wp-blast.com\/fr\/wp-json\/wp\/v2\/comments?post=422"}],"version-history":[{"count":16,"href":"https:\/\/www.wp-blast.com\/fr\/wp-json\/wp\/v2\/pages\/422\/revisions"}],"predecessor-version":[{"id":760,"href":"https:\/\/www.wp-blast.com\/fr\/wp-json\/wp\/v2\/pages\/422\/revisions\/760"}],"wp:attachment":[{"href":"https:\/\/www.wp-blast.com\/fr\/wp-json\/wp\/v2\/media?parent=422"}],"curies":[{"name":"wp","href":"https:\/\/api.w.org\/{rel}","templated":true}]}}