{"id":421,"date":"2022-04-24T13:32:20","date_gmt":"2022-04-24T13:32:20","guid":{"rendered":"https:\/\/www.wp-blast.com\/contact\/"},"modified":"2022-08-15T14:18:05","modified_gmt":"2022-08-15T14:18:05","slug":"contact","status":"publish","type":"page","link":"https:\/\/www.wp-blast.com\/fr\/contact\/","title":{"rendered":"Contact"},"content":{"rendered":"<smartfire-component name='contenthero' attributes=\"{&quot;image&quot;:{&quot;uploading&quot;:false,&quot;date&quot;:1651148002000,&quot;filename&quot;:&quot;contact-1.jpg&quot;,&quot;menuOrder&quot;:0,&quot;uploadedTo&quot;:19,&quot;type&quot;:&quot;image&quot;,&quot;subtype&quot;:&quot;jpeg&quot;,&quot;id&quot;:173,&quot;title&quot;:&quot;contact&quot;,&quot;url&quot;:&quot;https:\\\/\\\/www.wp-blast.com\\\/wp-content\\\/uploads\\\/2022\\\/04\\\/contact-1.jpg&quot;,&quot;link&quot;:&quot;https:\\\/\\\/www.wp-blast.com\\\/contact\\\/contact-2\\\/&quot;,&quot;alt&quot;:&quot;&quot;,&quot;author&quot;:&quot;2&quot;,&quot;description&quot;:&quot;&quot;,&quot;caption&quot;:&quot;&quot;,&quot;name&quot;:&quot;contact-2&quot;,&quot;status&quot;:&quot;inherit&quot;,&quot;modified&quot;:1651148002000,&quot;mime&quot;:&quot;image\\\/jpeg&quot;,&quot;icon&quot;:&quot;https:\\\/\\\/www.wp-blast.com\\\/wp-includes\\\/images\\\/media\\\/default.png&quot;,&quot;dateFormatted&quot;:&quot;28 avril 2022&quot;,&quot;nonces&quot;:{&quot;update&quot;:&quot;dd64d9a299&quot;,&quot;delete&quot;:&quot;59fdf5f504&quot;,&quot;edit&quot;:&quot;47ccd75129&quot;},&quot;editLink&quot;:&quot;https:\\\/\\\/www.wp-blast.com\\\/wp-admin\\\/post.php?post=173&amp;action=edit&quot;,&quot;meta&quot;:false,&quot;authorName&quot;:&quot;Maxime Noulin&quot;,&quot;authorLink&quot;:&quot;https:\\\/\\\/www.wp-blast.com\\\/wp-admin\\\/profile.php&quot;,&quot;uploadedToTitle&quot;:&quot;Contact&quot;,&quot;uploadedToLink&quot;:&quot;https:\\\/\\\/www.wp-blast.com\\\/wp-admin\\\/post.php?post=19&amp;action=edit&quot;,&quot;filesizeInBytes&quot;:297936,&quot;filesizeHumanReadable&quot;:&quot;291 Ko&quot;,&quot;context&quot;:&quot;&quot;,&quot;height&quot;:801,&quot;width&quot;:1200,&quot;orientation&quot;:&quot;landscape&quot;,&quot;sizes&quot;:{&quot;full&quot;:{&quot;url&quot;:&quot;https:\\\/\\\/www.wp-blast.com\\\/wp-content\\\/uploads\\\/2022\\\/04\\\/contact-1.jpg&quot;,&quot;height&quot;:801,&quot;width&quot;:1200,&quot;orientation&quot;:&quot;landscape&quot;}},&quot;compat&quot;:{&quot;item&quot;:&quot;&quot;,&quot;meta&quot;:&quot;&quot;}}}\">\n    \n<smartfire-component name='text-animated' attributes=\"{&quot;text&quot;:&quot;Contact&quot;,&quot;typography&quot;:&quot;h1&quot;,&quot;color&quot;:&quot;#00AB55&quot;,&quot;variant&quot;:&quot;inRight&quot;}\"><\/smartfire-component>\n\n<smartfire-component name='animated' attributes=\"{&quot;variant&quot;:&quot;inRight&quot;}\">\n    \n\n<h4 class=\"wp-block-heading\">Une question sur la technologie ? Un besoin sp\u00e9cifique ? Une demande de partenariat ? N&rsquo;h\u00e9sitez pas \u00e0 nous contacter !<\/h4>\n\n\n<\/smartfire-component>\n\n<\/smartfire-component>\n\n<smartfire-component name='contact-form' attributes=\"{&quot;name&quot;:&quot;Nom Pr\\u00e9nom&quot;,&quot;subject&quot;:&quot;Sujet&quot;,&quot;buttonText&quot;:&quot;Envoyer&quot;,&quot;email&quot;:&quot;Email&quot;,&quot;message&quot;:&quot;Message&quot;}\">\n    \n<smartfire-component name='spacer' attributes=\"{&quot;tabletHeight&quot;:&quot;50&quot;,&quot;mobileHeight&quot;:&quot;50&quot;,&quot;height&quot;:50}\"><\/smartfire-component>\n\n<smartfire-component name='animated' attributes=\"{&quot;variant&quot;:&quot;inUp&quot;}\">\n    \n\n<h3 class=\"wp-block-heading\">Nous avons h\u00e2te d&rsquo;\u00e9changer avec vous.<\/h3>\n\n\n<\/smartfire-component>\n\n<\/smartfire-component>","protected":false},"excerpt":{"rendered":"","protected":false},"author":184,"featured_media":0,"parent":0,"menu_order":0,"comment_status":"closed","ping_status":"closed","template":"","meta":{"footnotes":""},"class_list":["post-421","page","type-page","status-publish","hentry"],"yoast_head":"<!-- This site is optimized with the Yoast SEO plugin v25.8 - https:\/\/yoast.com\/wordpress\/plugins\/seo\/ -->\n<title>Contact - WP Blast - SEO + Performance WordPress plugin<\/title>\n<meta name=\"robots\" content=\"index, follow, max-snippet:-1, max-image-preview:large, max-video-preview:-1\" \/>\n<link rel=\"canonical\" href=\"https:\/\/www.wp-blast.com\/fr\/contact\/\" \/>\n<meta property=\"og:locale\" content=\"fr_FR\" \/>\n<meta property=\"og:type\" content=\"article\" \/>\n<meta property=\"og:title\" content=\"Contact - WP Blast - SEO + Performance WordPress plugin\" \/>\n<meta property=\"og:url\" content=\"https:\/\/www.wp-blast.com\/fr\/contact\/\" \/>\n<meta property=\"og:site_name\" content=\"WP Blast - SEO + Performance WordPress plugin\" \/>\n<meta property=\"article:modified_time\" content=\"2022-08-15T14:18:05+00:00\" \/>\n<meta property=\"og:image\" content=\"https:\/\/www.wp-blast.com\/wp-content\/uploads\/2022\/05\/20220531-lancemend-sized.jpg\" \/>\n\t<meta property=\"og:image:width\" content=\"540\" \/>\n\t<meta property=\"og:image:height\" content=\"282\" \/>\n\t<meta property=\"og:image:type\" content=\"image\/jpeg\" \/>\n<meta name=\"twitter:card\" content=\"summary_large_image\" \/>\n<meta name=\"twitter:label1\" content=\"Est. reading time\" \/>\n\t<meta name=\"twitter:data1\" content=\"1 minute\" \/>\n<script type=\"application\/ld+json\" class=\"yoast-schema-graph\">{\"@context\":\"https:\/\/schema.org\",\"@graph\":[{\"@type\":\"WebPage\",\"@id\":\"https:\/\/www.wp-blast.com\/fr\/contact\/\",\"url\":\"https:\/\/www.wp-blast.com\/fr\/contact\/\",\"name\":\"Contact - WP Blast - SEO + Performance WordPress plugin\",\"isPartOf\":{\"@id\":\"https:\/\/www.wp-blast.com\/fr\/#website\"},\"datePublished\":\"2022-04-24T13:32:20+00:00\",\"dateModified\":\"2022-08-15T14:18:05+00:00\",\"breadcrumb\":{\"@id\":\"https:\/\/www.wp-blast.com\/fr\/contact\/#breadcrumb\"},\"inLanguage\":\"fr-FR\",\"potentialAction\":[{\"@type\":\"ReadAction\",\"target\":[\"https:\/\/www.wp-blast.com\/fr\/contact\/\"]}]},{\"@type\":\"BreadcrumbList\",\"@id\":\"https:\/\/www.wp-blast.com\/fr\/contact\/#breadcrumb\",\"itemListElement\":[{\"@type\":\"ListItem\",\"position\":1,\"name\":\"Home\",\"item\":\"https:\/\/www.wp-blast.com\/fr\/\"},{\"@type\":\"ListItem\",\"position\":2,\"name\":\"Contact\"}]},{\"@type\":\"WebSite\",\"@id\":\"https:\/\/www.wp-blast.com\/fr\/#website\",\"url\":\"https:\/\/www.wp-blast.com\/fr\/\",\"name\":\"WP Blast - SEO + Performance WordPress plugin\",\"description\":\"\",\"publisher\":{\"@id\":\"https:\/\/www.wp-blast.com\/fr\/#organization\"},\"inLanguage\":\"fr-FR\"},{\"@type\":\"Organization\",\"@id\":\"https:\/\/www.wp-blast.com\/fr\/#organization\",\"name\":\"WP Blast\",\"url\":\"https:\/\/www.wp-blast.com\/fr\/\",\"logo\":{\"@type\":\"ImageObject\",\"inLanguage\":\"fr-FR\",\"@id\":\"https:\/\/www.wp-blast.com\/fr\/#\/schema\/logo\/image\/\",\"url\":\"https:\/\/www.wp-blast.com\/wp-content\/uploads\/2022\/05\/20220531-lancemend-sized.jpg\",\"contentUrl\":\"https:\/\/www.wp-blast.com\/wp-content\/uploads\/2022\/05\/20220531-lancemend-sized.jpg\",\"width\":540,\"height\":282,\"caption\":\"WP Blast\"},\"image\":{\"@id\":\"https:\/\/www.wp-blast.com\/fr\/#\/schema\/logo\/image\/\"}}]}<\/script>\n<!-- \/ Yoast SEO plugin. -->","yoast_head_json":{"title":"Contact - WP Blast - SEO + Performance WordPress plugin","robots":{"index":"index","follow":"follow","max-snippet":"max-snippet:-1","max-image-preview":"max-image-preview:large","max-video-preview":"max-video-preview:-1"},"canonical":"https:\/\/www.wp-blast.com\/fr\/contact\/","og_locale":"fr_FR","og_type":"article","og_title":"Contact - WP Blast - SEO + Performance WordPress plugin","og_url":"https:\/\/www.wp-blast.com\/fr\/contact\/","og_site_name":"WP Blast - SEO + Performance WordPress plugin","article_modified_time":"2022-08-15T14:18:05+00:00","og_image":[{"width":540,"height":282,"url":"https:\/\/www.wp-blast.com\/wp-content\/uploads\/2022\/05\/20220531-lancemend-sized.jpg","type":"image\/jpeg"}],"twitter_card":"summary_large_image","twitter_misc":{"Est. reading time":"1 minute"},"schema":{"@context":"https:\/\/schema.org","@graph":[{"@type":"WebPage","@id":"https:\/\/www.wp-blast.com\/fr\/contact\/","url":"https:\/\/www.wp-blast.com\/fr\/contact\/","name":"Contact - WP Blast - SEO + Performance WordPress plugin","isPartOf":{"@id":"https:\/\/www.wp-blast.com\/fr\/#website"},"datePublished":"2022-04-24T13:32:20+00:00","dateModified":"2022-08-15T14:18:05+00:00","breadcrumb":{"@id":"https:\/\/www.wp-blast.com\/fr\/contact\/#breadcrumb"},"inLanguage":"fr-FR","potentialAction":[{"@type":"ReadAction","target":["https:\/\/www.wp-blast.com\/fr\/contact\/"]}]},{"@type":"BreadcrumbList","@id":"https:\/\/www.wp-blast.com\/fr\/contact\/#breadcrumb","itemListElement":[{"@type":"ListItem","position":1,"name":"Home","item":"https:\/\/www.wp-blast.com\/fr\/"},{"@type":"ListItem","position":2,"name":"Contact"}]},{"@type":"WebSite","@id":"https:\/\/www.wp-blast.com\/fr\/#website","url":"https:\/\/www.wp-blast.com\/fr\/","name":"WP Blast - SEO + Performance WordPress plugin","description":"","publisher":{"@id":"https:\/\/www.wp-blast.com\/fr\/#organization"},"inLanguage":"fr-FR"},{"@type":"Organization","@id":"https:\/\/www.wp-blast.com\/fr\/#organization","name":"WP Blast","url":"https:\/\/www.wp-blast.com\/fr\/","logo":{"@type":"ImageObject","inLanguage":"fr-FR","@id":"https:\/\/www.wp-blast.com\/fr\/#\/schema\/logo\/image\/","url":"https:\/\/www.wp-blast.com\/wp-content\/uploads\/2022\/05\/20220531-lancemend-sized.jpg","contentUrl":"https:\/\/www.wp-blast.com\/wp-content\/uploads\/2022\/05\/20220531-lancemend-sized.jpg","width":540,"height":282,"caption":"WP Blast"},"image":{"@id":"https:\/\/www.wp-blast.com\/fr\/#\/schema\/logo\/image\/"}}]}},"_links":{"self":[{"href":"https:\/\/www.wp-blast.com\/fr\/wp-json\/wp\/v2\/pages\/421","targetHints":{"allow":["GET"]}}],"collection":[{"href":"https:\/\/www.wp-blast.com\/fr\/wp-json\/wp\/v2\/pages"}],"about":[{"href":"https:\/\/www.wp-blast.com\/fr\/wp-json\/wp\/v2\/types\/page"}],"author":[{"embeddable":true,"href":"https:\/\/www.wp-blast.com\/fr\/wp-json\/wp\/v2\/users\/184"}],"replies":[{"embeddable":true,"href":"https:\/\/www.wp-blast.com\/fr\/wp-json\/wp\/v2\/comments?post=421"}],"version-history":[{"count":1,"href":"https:\/\/www.wp-blast.com\/fr\/wp-json\/wp\/v2\/pages\/421\/revisions"}],"predecessor-version":[{"id":456,"href":"https:\/\/www.wp-blast.com\/fr\/wp-json\/wp\/v2\/pages\/421\/revisions\/456"}],"wp:attachment":[{"href":"https:\/\/www.wp-blast.com\/fr\/wp-json\/wp\/v2\/media?parent=421"}],"curies":[{"name":"wp","href":"https:\/\/api.w.org\/{rel}","templated":true}]}}